{"id":4144,"date":"2024-11-15T18:22:25","date_gmt":"2024-11-15T23:22:25","guid":{"rendered":"https:\/\/brillamedia.com\/?page_id=4144"},"modified":"2025-03-13T14:21:30","modified_gmt":"2025-03-13T18:21:30","slug":"sorteo-de-jackpot","status":"publish","type":"page","link":"https:\/\/brillamedia.com\/es\/sorteo-de-jackpot\/","title":{"rendered":"Sorteo de Jackpot"},"content":{"rendered":"\t\t<div data-elementor-type=\"wp-page\" data-elementor-id=\"4144\" class=\"elementor elementor-4144 elementor-3384\" data-elementor-post-type=\"page\">\n\t\t\t\t<div class=\"elementor-element elementor-element-961e2ab e-flex e-con-boxed e-con e-parent\" data-id=\"961e2ab\" data-element_type=\"container\" data-e-type=\"container\" data-settings=\"{&quot;background_background&quot;:&quot;classic&quot;}\">\n\t\t\t\t\t<div class=\"e-con-inner\">\n\t\t\t\t<div class=\"elementor-element elementor-element-a1dec14 elementor-widget elementor-widget-heading\" data-id=\"a1dec14\" data-element_type=\"widget\" data-e-type=\"widget\" data-widget_type=\"heading.default\">\n\t\t\t\t<div class=\"elementor-widget-container\">\n\t\t\t\t\t<h2 class=\"elementor-heading-title elementor-size-default\">Sorteo de Jackpot<\/h2>\t\t\t\t<\/div>\n\t\t\t\t<\/div>\n\t\t\t\t\t<\/div>\n\t\t\t\t<\/div>\n\t\t<div class=\"elementor-element elementor-element-a2d8195 e-flex e-con-boxed e-con e-parent\" data-id=\"a2d8195\" data-element_type=\"container\" data-e-type=\"container\">\n\t\t\t\t\t<div class=\"e-con-inner\">\n\t\t\t\t<div class=\"elementor-element elementor-element-ad52ef4 elementor-widget elementor-widget-text-editor\" data-id=\"ad52ef4\" data-element_type=\"widget\" data-e-type=\"widget\" data-widget_type=\"text-editor.default\">\n\t\t\t\t<div class=\"elementor-widget-container\">\n\t\t\t\t\t\t\t\t\t<p><\/p><p><strong><span>* NO ES NECESARIO REALIZAR NINGUNA COMPRA PARA PARTICIPAR O GANAR. UNA COMPRA NO MEJORAR\u00c1 SUS POSIBILIDADES DE GANAR.<\/span><\/strong><\/p><p><strong><span>* El sorteo est\u00e1 abierto \u00fanicamente para los asistentes registrados a la Conferencia presencial de marketing multicultural y diversidad de la ANA de 2024, seg\u00fan se define en la secci\u00f3n \u201cC\u00f3mo participar\u201d a continuaci\u00f3n.<\/span><\/strong><\/p><p><strong><span>Elegibilidad.<\/span><\/strong><span>\u00a0Este sorteo del premio mayor de BRILLA MEDIA (\u201cSorteo\u201d) es un sorteo cerrado que solo aceptar\u00e1 participaciones de asistentes presenciales registrados a la Conferencia de Diversidad y Marketing Multicultural de la ANA en Las Vegas del 18 al 20 de noviembre de 2024 (la \u201cConferencia\u201d). Adem\u00e1s, todos los participantes deben ser personas f\u00edsicas que sean residentes legales de los 50 estados de los Estados Unidos y el Distrito de Columbia, o Puerto Rico, que tengan al menos 21 a\u00f1os de edad al momento de la participaci\u00f3n. Nulo fuera de los EE. UU., en las Islas V\u00edrgenes de los EE. UU. y otros territorios y posesiones de los Estados Unidos. Aquellos que no son elegibles para participar en el sorteo incluyen (i) Empleados y contratistas del Patrocinador (definido a continuaci\u00f3n) y la Asociaci\u00f3n de Anunciantes Nacionales (\u201cANA\u201d), (ii) afiliados legales, matrices, subsidiarias, inversores, divisiones, proveedores, anunciantes y agentes del Patrocinador y ANA, (iii) vendedores y expositores en la Conferencia, o (iv) familiares directos de cualquiera de las categor\u00edas anteriores. El patrocinador puede, a su discreci\u00f3n, solicitar prueba o declaraci\u00f3n jurada de elegibilidad de cualquier persona seleccionada como ganadora para determinar la elegibilidad y como condici\u00f3n para la entrega del premio. El sorteo est\u00e1 sujeto a todas las leyes y reglamentaciones federales, estatales y locales aplicables y no es v\u00e1lido donde lo proh\u00edba la ley.<\/span><\/p><p><strong><span>Patrocinio.<\/span><\/strong><span>\u00a0El patrocinador del sorteo es Brilla Media Ventures, LLC (\u201cPatrocinador\u201d), con domicilio en 2601 S Bayshore Drive, piso 18, Coconut Grove, FL 33133. El patrocinador llevar\u00e1 a cabo el sorteo b\u00e1sicamente como se describe en estas reglas oficiales.<\/span><\/p><p><strong><span>Per\u00edodo de participaci\u00f3n.<\/span><\/strong><span>\u00a0Este sorteo comienza el 18 de noviembre de 2024 a las 12:01 a. m. (hora del Pac\u00edfico) y finaliza el 19 de noviembre de 2024 a las 11:59 p. m. (hora del Pac\u00edfico) (\u201cPer\u00edodo de participaci\u00f3n\u201d).<\/span><\/p><p><strong><span>C\u00f3mo participar.<\/span><\/strong><span>\u00a0Durante el Per\u00edodo de participaci\u00f3n, escanee el c\u00f3digo QR que estar\u00e1 disponible en la Conferencia de Diversidad y Marketing Multicultural de la ANA 2024, en el stand de exhibici\u00f3n de Brilla Media el lunes 18 de noviembre y el martes 19 de noviembre, y durante la Recepci\u00f3n de c\u00f3ctel de los Premios a la Excelencia Multicultural de la ANA el martes 19 de noviembre de 2024. El c\u00f3digo QR lo llevar\u00e1 a la m\u00e1quina tragamonedas Jackpot de Brilla Media (el \u00abJuego Jackpot\u00bb). Mire el video de Brilla y siga las instrucciones para completar y enviar electr\u00f3nicamente el formulario de participaci\u00f3n del sorteo. Se le solicitar\u00e1 que proporcione informaci\u00f3n de contacto b\u00e1sica, incluido su nombre, nombre de la empresa, correo electr\u00f3nico de la empresa y n\u00famero de tel\u00e9fono. (NOTA: Debe completar todos los campos obligatorios del formulario de participaci\u00f3n con informaci\u00f3n que sea v\u00e1lida en la fecha del sorteo para ser elegible). Este sorteo no est\u00e1 patrocinado, respaldado ni administrado por la ANA ni asociado con ella. Usted comprende que est\u00e1 proporcionando su informaci\u00f3n al Patrocinador y\/o Administrador y no a la ANA. Todas las participaciones pasan a ser propiedad del Patrocinador y no se reconocer\u00e1 ni devolver\u00e1 ninguna. La informaci\u00f3n personal recopilada de los participantes en el Sorteo est\u00e1 sujeta a la pol\u00edtica de privacidad del Patrocinador, disponible para su consulta en\u00a0<\/span><a href=\"https:\/\/brillamedia.com\/es\/politica-de-privacidad\/\" target=\"_blank\" rel=\"noopener\"><strong><em><u><span>ENLACE<\/span><\/u><\/em><\/strong><\/a><span>\u00a0.<\/span><\/p><p><span>No es necesario realizar ninguna compra. No es necesario realizar ning\u00fan pago, cuota de inscripci\u00f3n ni ning\u00fan otro comprobante de compra para participar en el sorteo o acceder al juego del premio mayor.<\/span><\/p><p><strong><span>Limitaciones de participaci\u00f3n.\u00a0\u00a0<\/span><\/strong><span>L\u00cdMITE DE UNA PARTICIPACI\u00d3N POR PERSONA Y POR DIRECCI\u00d3N DE CORREO ELECTR\u00d3NICO. No se permite la participaci\u00f3n de terceros ni la participaci\u00f3n a trav\u00e9s de ning\u00fan servicio de sorteo. Cualquier persona que intente o fomente de otro modo la entrada de informaci\u00f3n de contacto m\u00faltiple o falsa bajo m\u00faltiples identidades o utilice cualquier dispositivo o artificio para participar o fomentar la entrada m\u00faltiple o falsa, seg\u00fan lo determine el Patrocinador, ser\u00e1 descalificada. El uso de dispositivos de participaci\u00f3n rob\u00f3ticos est\u00e1 estrictamente prohibido. Las inscripciones solo est\u00e1n abiertas a los asistentes presenciales registrados de la Conferencia.<\/span><\/p><p><strong><span>Premios:<\/span><\/strong><span>\u00a0Los premios se entregar\u00e1n durante el Per\u00edodo de participaci\u00f3n. A continuaci\u00f3n se incluye cada premio con su valor minorista promedio (ARV), incluido el env\u00edo (si corresponde). Los premios no son transferibles y no se permite su sustituci\u00f3n ni su equivalente en efectivo. El ganador es responsable de los impuestos federales, estatales y locales, si corresponde. Cada premio se otorga \u00abtal como est\u00e1\u00bb, sin garant\u00eda, ya sea expresa o impl\u00edcita, por parte del Patrocinador o el Administrador. Los ganadores correr\u00e1n con todos los riesgos de p\u00e9rdida o da\u00f1o de su premio despu\u00e9s de que haya sido entregado. L\u00cdMITE DE UN PREMIO POR PERSONA.<\/span><\/p><ul><li><span>Anteojos inteligentes Ray-Ban Meta Wayfarer con Meta AI, compatibilidad con audio, fotograf\u00eda y video, lentes polarizadas de grafito degradado, negro mate.\u00a0<\/span><strong><span>CANTIDAD: 3 | VAR: $329 cada uno<\/span><\/strong><\/li><li><span>JBL Go 4: altavoz Bluetooth ultraport\u00e1til y resistente al agua\u00a0<\/span><strong><span>CANTIDAD: 5 | VPA: $50 cada uno<\/span><\/strong><\/li><li><span>Camiseta Brilla Media | Nuestras Historias Cantidad\u00a0<\/span><strong><span>: 70 | Valor de venta al p\u00fablico: $25 cada una<\/span><\/strong><\/li><li><span>Tarjetas de regalo de Starbucks de $10\u00a0<\/span><strong><span>CANTIDAD: 20 | VPA: $10 cada una<\/span><\/strong><\/li><\/ul><p>\u00a0<\/p><p><strong><span>Valor total de todos los premios: $2,187 USD<\/span><\/strong><\/p><p><span>Las personas que cumplan con los requisitos pueden participar en el Sorteo accediendo al Juego del Jackpot de acuerdo con los procedimientos establecidos en la secci\u00f3n C\u00f3mo participar, m\u00e1s arriba. Despu\u00e9s de enviar la informaci\u00f3n requerida, se declarar\u00e1n ganadores entre las participaciones elegibles recopiladas durante el Per\u00edodo de participaci\u00f3n de acuerdo con los resultados aleatorios generados por el Juego del Jackpot. El Juego del Jackpot har\u00e1 girar al azar una serie de im\u00e1genes. Se otorgar\u00e1n premios a los participantes que saquen tres de la misma imagen. Los premios corresponder\u00e1n a las im\u00e1genes que el participante haga girar, tal como se muestra en el Juego del Jackpot. El Juego del Jackpot mostrar\u00e1 la cantidad de premios que a\u00fan est\u00e1n disponibles para ganar. Las participaciones deben realizarse a m\u00e1s tardar a las 11:59 p. m. (hora est\u00e1ndar del Pac\u00edfico) del 19 de noviembre de 2024 en la Conferencia. El Sorteo ser\u00e1 realizado por el Patrocinador, cuyas decisiones e interpretaciones sobre todos los asuntos relacionados con el Sorteo y estas Reglas Oficiales son definitivas y vinculantes en todos los aspectos. El Patrocinador se reserva el derecho de descalificar a cualquier participante o ganador y puede negarse a otorgar un premio a una persona que no sea elegible o haya violado una regla, haya obtenido una ventaja injusta en el Sorteo u obtenido el estado de ganador mediante medios fraudulentos. Si hay una disputa sobre la identidad de un participante, el premio se otorgar\u00e1 a la persona f\u00edsica a quien el proveedor de servicios de Internet responsable del dominio asociado con la direcci\u00f3n de correo electr\u00f3nico enviada le haya asignado la direcci\u00f3n de correo electr\u00f3nico. Si se determina que el ganador no es elegible o no cumple con las reglas del Sorteo, el ganador ser\u00e1 descalificado y el premio correspondiente regresar\u00e1 al pozo de premios para que otros participantes lo ganen. Los ganadores ser\u00e1n notificados (a) dentro de la plataforma del Juego Jackpot en sus dispositivos m\u00f3viles o (b) en el dispositivo proporcionado por el Patrocinador en su stand de exhibici\u00f3n. Los premios se otorgar\u00e1n a los ganadores en la Conferencia despu\u00e9s de que el ganador haya sido notificado y verificado, a discreci\u00f3n del Patrocinador. Los ganadores pueden retirar su premio en el stand de exhibici\u00f3n de Brilla Media o comunic\u00e1ndose con un representante de Brilla Media por correo electr\u00f3nico a Alex@brillamedia.com\u00a0<\/span><strong><span>.<\/span><\/strong><span>\u00a0Si un ganador no reclama su premio correspondiente, perder\u00e1 el derecho a dicho premio y el premio correspondiente volver\u00e1 al pozo de premios para que otros participantes puedan ganarlo. El patrocinador no garantiza que se entregar\u00e1n todos los premios.<\/span><\/p><p><strong><span>Probabilidades.<\/span><\/strong><span>\u00a0Las probabilidades de ganar depender\u00e1n de la cantidad de inscripciones elegibles recibidas, de acuerdo con los requisitos de elegibilidad del Sorteo.<\/span><\/p><p><strong><span>ADVERTENCIA:<\/span><\/strong><span>\u00a0CUALQUIER INTENTO POR PARTE DE CUALQUIER PERSONA, SEA O NO PARTICIPANTE, DE DA\u00d1AR, DESTRUIR, ALTERAR O VANDALIZAR DELIBERADAMENTE CUALQUIER SITIO WEB O APLICACI\u00d3N M\u00d3VIL O SITIO DE REDES SOCIALES PROPIEDAD DEL PATROCINADOR, EL PROCESO DE PARTICIPACI\u00d3N, O DE OTRA MANERA INTERFERIR O SOCAVIZAR EL FUNCIONAMIENTO LEG\u00cdTIMO DEL SORTEO, PUEDE SER UNA VIOLACI\u00d3N DE LAS LEYES PENALES Y CIVILES Y EL PATROCINADOR SE RESERVA EL DERECHO DE SOLICITAR DA\u00d1OS Y PERJUDICIALES Y UTILIZAR DILIGENTEMENTE TODOS LOS RECURSOS CONTRA DICHA PERSONA EN LA MEDIDA M\u00c1XIMA PERMITIDA POR LA LEY.<\/span><\/p><p><strong><span>T\u00e9rminos generales y limitaciones de responsabilidad.<\/span><\/strong><span>\u00a0Al participar en este sorteo, usted se compromete a cumplir las reglas oficiales y las decisiones del patrocinador, que ser\u00e1n definitivas y vinculantes en todos los aspectos. El patrocinador se reserva el derecho, a su exclusivo criterio, de rechazar, descalificar o retirar cualquier participaci\u00f3n en cualquier momento. Las reglas oficiales estar\u00e1n disponibles en\u00a0<\/span><strong><em><u><span>ENLACE<\/span><\/u><\/em><\/strong><span>\u00a0.<\/span><\/p><p><span>El Patrocinador no asume ninguna responsabilidad por (a) cualquier informaci\u00f3n de participaci\u00f3n incorrecta o inexacta, o por cualquier transmisi\u00f3n de datos electr\u00f3nicos defectuosos, fallidos, confusos o desordenados; (b) cualquier acceso no autorizado, o robo, destrucci\u00f3n o alteraci\u00f3n de las participaciones en cualquier momento durante el funcionamiento del Sorteo; (c) cualquier mal funcionamiento t\u00e9cnico, falla, error, omisi\u00f3n, interrupci\u00f3n, eliminaci\u00f3n, defecto, demora o falla de comunicaciones, independientemente de la causa, con respecto a cualquier equipo o sistema utilizado en el funcionamiento del Sorteo; (d) inaccesibilidad de Internet utilizada para la participaci\u00f3n o el funcionamiento del Sorteo; o (e) cualquier otra forma de lesi\u00f3n, da\u00f1o o p\u00e9rdida de cualquier tipo que surja de su participaci\u00f3n en el Sorteo. Si, por cualquier motivo, el Sorteo no puede llevarse a cabo seg\u00fan lo planeado, entonces el Patrocinador se reserva el derecho, a su exclusivo criterio, de cancelar, terminar, modificar o suspender el Sorteo en su totalidad o en parte.<\/span><\/p><p><span>USTED ACEPTA EXONERAR, EXONERAR DE RESPONSABILIDAD Y EXIMIR DE RESPONSABILIDAD AL PATROCINADOR, SUS AFILIADOS, SUBSIDIARIAS, EMPLEADOS, FUNCIONARIOS, DIRECTORES, AGENTES Y CESIONARIOS DE TODAS Y CADA UNA DE LAS RECLAMACIONES, P\u00c9RDIDAS, LESIONES O DA\u00d1OS QUE RESULTEN DE LA PARTICIPACI\u00d3N EN EL SORTEO. Excepto cuando lo proh\u00edba la ley, al aceptar el premio, el ganador le otorga al Patrocinador una licencia perpetua, mundial y libre de regal\u00edas para usar el nombre, la fotograf\u00eda, la voz y\/o la imagen del ganador sin autorizaci\u00f3n adicional, compensaci\u00f3n o remuneraci\u00f3n de ning\u00fan tipo para publicidad, promoci\u00f3n y otros fines publicitarios en todos y cada uno de los medios conocidos ahora o en el futuro en todo el mundo.<\/span><\/p><p><span><strong>Lista de ganadores.<\/strong><\/span><\/p><p>Para\u00a0<span>recibir\u00a0el nombre de los ganadores, cuando lo permita la ley, o una copia impresa de las Reglas oficiales del sorteo, comun\u00edquese con el Patrocinador por correo electr\u00f3nico a\u00a0<a href=\"mailto:rameh@brillamedia.com\">rameh@brillamedia.com<\/a>\u00a0a m\u00e1s tardar el 1 de diciembre de 2024 a las 12:00 p. m., hora est\u00e1ndar del este, con la referencia en la l\u00ednea de asunto \u201cConsulta sobre el sorteo de Brilla Media\u201d.<\/span><\/p><p><\/p><p><\/p>\t\t\t\t\t\t\t\t<\/div>\n\t\t\t\t<\/div>\n\t\t\t\t\t<\/div>\n\t\t\t\t<\/div>\n\t\t\t\t<\/div>\n\t\t","protected":false},"excerpt":{"rendered":"<p>* NO ES NECESARIO REALIZAR NINGUNA COMPRA PARA PARTICIPAR O GANAR. UNA COMPRA NO MEJORAR\u00c1 SUS POSIBILIDADES DE GANAR. * El sorteo est\u00e1 abierto \u00fanicamente para los asistentes registrados a la Conferencia presencial de marketing multicultural y diversidad de la ANA de 2024, seg\u00fan se define en la secci\u00f3n \u201cC\u00f3mo participar\u201d a continuaci\u00f3n. Elegibilidad.\u00a0Este sorteo [&hellip;]<\/p>\n","protected":false},"author":1,"featured_media":0,"parent":0,"menu_order":0,"comment_status":"closed","ping_status":"closed","template":"","meta":{"_acf_changed":false,"footnotes":""},"class_list":["post-4144","page","type-page","status-publish","hentry"],"acf":[],"yoast_head":"<!-- This site is optimized with the Yoast SEO plugin v27.1.1 - https:\/\/yoast.com\/product\/yoast-seo-wordpress\/ -->\n<title>Sorteo de Jackpot - Brilla Media<\/title>\n<meta name=\"robots\" content=\"index, follow, max-snippet:-1, max-image-preview:large, max-video-preview:-1\" \/>\n<link rel=\"canonical\" href=\"https:\/\/brillamedia.com\/es\/sorteo-de-jackpot\/\" \/>\n<meta property=\"og:locale\" content=\"es_ES\" \/>\n<meta property=\"og:type\" content=\"article\" \/>\n<meta property=\"og:title\" content=\"Sorteo de Jackpot - Brilla Media\" \/>\n<meta property=\"og:description\" content=\"* NO ES NECESARIO REALIZAR NINGUNA COMPRA PARA PARTICIPAR O GANAR. UNA COMPRA NO MEJORAR\u00c1 SUS POSIBILIDADES DE GANAR. * El sorteo est\u00e1 abierto \u00fanicamente para los asistentes registrados a la Conferencia presencial de marketing multicultural y diversidad de la ANA de 2024, seg\u00fan se define en la secci\u00f3n \u201cC\u00f3mo participar\u201d a continuaci\u00f3n. Elegibilidad.\u00a0Este sorteo [&hellip;]\" \/>\n<meta property=\"og:url\" content=\"https:\/\/brillamedia.com\/es\/sorteo-de-jackpot\/\" \/>\n<meta property=\"og:site_name\" content=\"Brilla Media\" \/>\n<meta property=\"article:modified_time\" content=\"2025-03-13T18:21:30+00:00\" \/>\n<meta property=\"og:image\" content=\"https:\/\/brillamedia.com\/wp-content\/uploads\/2025\/02\/home-brilla-media2025.png\" \/>\n\t<meta property=\"og:image:width\" content=\"400\" \/>\n\t<meta property=\"og:image:height\" content=\"400\" \/>\n\t<meta property=\"og:image:type\" content=\"image\/png\" \/>\n<meta name=\"twitter:card\" content=\"summary_large_image\" \/>\n<meta name=\"twitter:label1\" content=\"Tiempo de lectura\" \/>\n\t<meta name=\"twitter:data1\" content=\"9 minutos\" \/>\n<script type=\"application\/ld+json\" class=\"yoast-schema-graph\">{\"@context\":\"https:\/\/schema.org\",\"@graph\":[{\"@type\":\"WebPage\",\"@id\":\"https:\/\/brillamedia.com\/es\/sorteo-de-jackpot\/\",\"url\":\"https:\/\/brillamedia.com\/es\/sorteo-de-jackpot\/\",\"name\":\"Sorteo de Jackpot - Brilla Media\",\"isPartOf\":{\"@id\":\"https:\/\/brillamedia.com\/#website\"},\"datePublished\":\"2024-11-15T23:22:25+00:00\",\"dateModified\":\"2025-03-13T18:21:30+00:00\",\"breadcrumb\":{\"@id\":\"https:\/\/brillamedia.com\/es\/sorteo-de-jackpot\/#breadcrumb\"},\"inLanguage\":\"es\",\"potentialAction\":[{\"@type\":\"ReadAction\",\"target\":[\"https:\/\/brillamedia.com\/es\/sorteo-de-jackpot\/\"]}]},{\"@type\":\"BreadcrumbList\",\"@id\":\"https:\/\/brillamedia.com\/es\/sorteo-de-jackpot\/#breadcrumb\",\"itemListElement\":[{\"@type\":\"ListItem\",\"position\":1,\"name\":\"Home\",\"item\":\"https:\/\/brillamedia.com\/es\/\"},{\"@type\":\"ListItem\",\"position\":2,\"name\":\"Sorteo de Jackpot\"}]},{\"@type\":\"WebSite\",\"@id\":\"https:\/\/brillamedia.com\/#website\",\"url\":\"https:\/\/brillamedia.com\/\",\"name\":\"Brilla Media\",\"description\":\"Diverse-Owned Media Company Devoted To Latino Heritage\",\"publisher\":{\"@id\":\"https:\/\/brillamedia.com\/#organization\"},\"potentialAction\":[{\"@type\":\"SearchAction\",\"target\":{\"@type\":\"EntryPoint\",\"urlTemplate\":\"https:\/\/brillamedia.com\/?s={search_term_string}\"},\"query-input\":{\"@type\":\"PropertyValueSpecification\",\"valueRequired\":true,\"valueName\":\"search_term_string\"}}],\"inLanguage\":\"es\"},{\"@type\":\"Organization\",\"@id\":\"https:\/\/brillamedia.com\/#organization\",\"name\":\"Brilla Media\",\"url\":\"https:\/\/brillamedia.com\/\",\"logo\":{\"@type\":\"ImageObject\",\"inLanguage\":\"es\",\"@id\":\"https:\/\/brillamedia.com\/#\/schema\/logo\/image\/\",\"url\":\"https:\/\/brillamedia.com\/wp-content\/uploads\/2024\/08\/Brilla-Logo_2025.png\",\"contentUrl\":\"https:\/\/brillamedia.com\/wp-content\/uploads\/2024\/08\/Brilla-Logo_2025.png\",\"width\":322,\"height\":213,\"caption\":\"Brilla Media\"},\"image\":{\"@id\":\"https:\/\/brillamedia.com\/#\/schema\/logo\/image\/\"}}]}<\/script>\n<!-- \/ Yoast SEO plugin. -->","yoast_head_json":{"title":"Sorteo de Jackpot - Brilla Media","robots":{"index":"index","follow":"follow","max-snippet":"max-snippet:-1","max-image-preview":"max-image-preview:large","max-video-preview":"max-video-preview:-1"},"canonical":"https:\/\/brillamedia.com\/es\/sorteo-de-jackpot\/","og_locale":"es_ES","og_type":"article","og_title":"Sorteo de Jackpot - Brilla Media","og_description":"* NO ES NECESARIO REALIZAR NINGUNA COMPRA PARA PARTICIPAR O GANAR. UNA COMPRA NO MEJORAR\u00c1 SUS POSIBILIDADES DE GANAR. * El sorteo est\u00e1 abierto \u00fanicamente para los asistentes registrados a la Conferencia presencial de marketing multicultural y diversidad de la ANA de 2024, seg\u00fan se define en la secci\u00f3n \u201cC\u00f3mo participar\u201d a continuaci\u00f3n. Elegibilidad.\u00a0Este sorteo [&hellip;]","og_url":"https:\/\/brillamedia.com\/es\/sorteo-de-jackpot\/","og_site_name":"Brilla Media","article_modified_time":"2025-03-13T18:21:30+00:00","og_image":[{"width":400,"height":400,"url":"https:\/\/brillamedia.com\/wp-content\/uploads\/2025\/02\/home-brilla-media2025.png","type":"image\/png"}],"twitter_card":"summary_large_image","twitter_misc":{"Tiempo de lectura":"9 minutos"},"schema":{"@context":"https:\/\/schema.org","@graph":[{"@type":"WebPage","@id":"https:\/\/brillamedia.com\/es\/sorteo-de-jackpot\/","url":"https:\/\/brillamedia.com\/es\/sorteo-de-jackpot\/","name":"Sorteo de Jackpot - Brilla Media","isPartOf":{"@id":"https:\/\/brillamedia.com\/#website"},"datePublished":"2024-11-15T23:22:25+00:00","dateModified":"2025-03-13T18:21:30+00:00","breadcrumb":{"@id":"https:\/\/brillamedia.com\/es\/sorteo-de-jackpot\/#breadcrumb"},"inLanguage":"es","potentialAction":[{"@type":"ReadAction","target":["https:\/\/brillamedia.com\/es\/sorteo-de-jackpot\/"]}]},{"@type":"BreadcrumbList","@id":"https:\/\/brillamedia.com\/es\/sorteo-de-jackpot\/#breadcrumb","itemListElement":[{"@type":"ListItem","position":1,"name":"Home","item":"https:\/\/brillamedia.com\/es\/"},{"@type":"ListItem","position":2,"name":"Sorteo de Jackpot"}]},{"@type":"WebSite","@id":"https:\/\/brillamedia.com\/#website","url":"https:\/\/brillamedia.com\/","name":"Brilla Media","description":"Diverse-Owned Media Company Devoted To Latino Heritage","publisher":{"@id":"https:\/\/brillamedia.com\/#organization"},"potentialAction":[{"@type":"SearchAction","target":{"@type":"EntryPoint","urlTemplate":"https:\/\/brillamedia.com\/?s={search_term_string}"},"query-input":{"@type":"PropertyValueSpecification","valueRequired":true,"valueName":"search_term_string"}}],"inLanguage":"es"},{"@type":"Organization","@id":"https:\/\/brillamedia.com\/#organization","name":"Brilla Media","url":"https:\/\/brillamedia.com\/","logo":{"@type":"ImageObject","inLanguage":"es","@id":"https:\/\/brillamedia.com\/#\/schema\/logo\/image\/","url":"https:\/\/brillamedia.com\/wp-content\/uploads\/2024\/08\/Brilla-Logo_2025.png","contentUrl":"https:\/\/brillamedia.com\/wp-content\/uploads\/2024\/08\/Brilla-Logo_2025.png","width":322,"height":213,"caption":"Brilla Media"},"image":{"@id":"https:\/\/brillamedia.com\/#\/schema\/logo\/image\/"}}]}},"_links":{"self":[{"href":"https:\/\/brillamedia.com\/es\/wp-json\/wp\/v2\/pages\/4144","targetHints":{"allow":["GET"]}}],"collection":[{"href":"https:\/\/brillamedia.com\/es\/wp-json\/wp\/v2\/pages"}],"about":[{"href":"https:\/\/brillamedia.com\/es\/wp-json\/wp\/v2\/types\/page"}],"author":[{"embeddable":true,"href":"https:\/\/brillamedia.com\/es\/wp-json\/wp\/v2\/users\/1"}],"replies":[{"embeddable":true,"href":"https:\/\/brillamedia.com\/es\/wp-json\/wp\/v2\/comments?post=4144"}],"version-history":[{"count":10,"href":"https:\/\/brillamedia.com\/es\/wp-json\/wp\/v2\/pages\/4144\/revisions"}],"predecessor-version":[{"id":4160,"href":"https:\/\/brillamedia.com\/es\/wp-json\/wp\/v2\/pages\/4144\/revisions\/4160"}],"wp:attachment":[{"href":"https:\/\/brillamedia.com\/es\/wp-json\/wp\/v2\/media?parent=4144"}],"curies":[{"name":"wp","href":"https:\/\/api.w.org\/{rel}","templated":true}]}}